{"id":2905,"date":"2022-05-13T15:59:26","date_gmt":"2022-05-13T13:59:26","guid":{"rendered":"https:\/\/thehub-berlin.voidstudio.ru\/julia-schramm\/"},"modified":"2022-08-09T16:20:23","modified_gmt":"2022-08-09T14:20:23","slug":"julia-schramm","status":"publish","type":"page","link":"https:\/\/thehub-berlin.org\/de\/julia-schramm\/","title":{"rendered":"Julia Schramm"},"content":{"rendered":"\t\t<div data-elementor-type=\"wp-page\" data-elementor-id=\"2905\" class=\"elementor elementor-2905 elementor-39\" data-elementor-settings=\"[]\">\n\t\t\t\t\t\t\t<div class=\"elementor-section-wrap\">\n\t\t\t\t\t\t\t<section class=\"elementor-section elementor-top-section elementor-element elementor-element-4aee748f elementor-section-boxed elementor-section-height-default elementor-section-height-default parallax_section_no qode_elementor_container_no qode-content-aligment-left\" data-id=\"4aee748f\" data-element_type=\"section\">\n\t\t\t\t\t\t<div class=\"elementor-container elementor-column-gap-default\">\n\t\t\t\t\t<div class=\"elementor-column elementor-col-100 elementor-top-column elementor-element elementor-element-d4c8500\" data-id=\"d4c8500\" data-element_type=\"column\">\n\t\t\t<div class=\"elementor-widget-wrap elementor-element-populated\">\n\t\t\t\t\t\t\t\t<div class=\"elementor-element elementor-element-33e257d7 elementor-widget elementor-widget-text-editor\" data-id=\"33e257d7\" data-element_type=\"widget\" data-widget_type=\"text-editor.default\">\n\t\t\t\t<div class=\"elementor-widget-container\">\n\t\t\t\t\t\t\t<p><strong>Julia Schramm<\/strong> studierte Malerei an der wei\u00dfensee kunsthochschule berlin bei Antje Majewski und am Chelsea College of Arts London, GB. 2013 machte sie ihren Abschluss als Meistersch\u00fclerin an der Wei\u00dfensee Kunsthochschule Berlin. In Verbindung mit ihrer Arbeit als freischaffende K\u00fcnstlerin initiiert und konzipiert sie seit 2013 Kunstprojekte an der Schnittstelle von Bildung und Jugend.<\/p>\n<p><a href=\"http:\/\/wp.juliaschramm.com\" target=\"new\" rel=\"noopener\">http:\/\/wp.juliaschramm.com<\/a><\/p>\n<p>As a member of <strong>The Hub<\/strong> Julia co-created \/ <em><a href=\"https:\/\/thehub-berlin.voidstudio.ru\/projects\/berlinbiennale_vonmiraus\/\" rel=\"noopener\">Berlin Biennale: von mir aus<\/a>, <a href=\"https:\/\/thehub-berlin.voidstudio.ru\/projects\/goldmarie\/\" rel=\"noopener\">Goldmarie<\/a>, <a href=\"https:\/\/thehub-berlin.voidstudio.ru\/projects\/when-education-turns-to-art\/\" rel=\"noopener\">When Education turns to Art,<\/a><\/em><\/p>\n\t\t\t\t\t\t<\/div>\n\t\t\t\t<\/div>\n\t\t\t\t\t<\/div>\n\t\t<\/div>\n\t\t\t\t\t\t\t<\/div>\n\t\t<\/section>\n\t\t\t\t\t\t<\/div>\n\t\t\t\t\t<\/div>\n\t\t","protected":false},"excerpt":{"rendered":"<p>Julia Schramm studierte Malerei an der wei\u00dfensee kunsthochschule berlin bei Antje Majewski und am Chelsea College of Arts London, GB. 2013 machte sie ihren Abschluss als Meistersch\u00fclerin an der Wei\u00dfensee Kunsthochschule Berlin. In Verbindung mit ihrer Arbeit als freischaffende K\u00fcnstlerin initiiert und konzipiert sie seit&#8230;<\/p>\n","protected":false},"author":1,"featured_media":0,"parent":0,"menu_order":0,"comment_status":"closed","ping_status":"closed","template":"","meta":[],"_links":{"self":[{"href":"https:\/\/thehub-berlin.org\/de\/wp-json\/wp\/v2\/pages\/2905"}],"collection":[{"href":"https:\/\/thehub-berlin.org\/de\/wp-json\/wp\/v2\/pages"}],"about":[{"href":"https:\/\/thehub-berlin.org\/de\/wp-json\/wp\/v2\/types\/page"}],"author":[{"embeddable":true,"href":"https:\/\/thehub-berlin.org\/de\/wp-json\/wp\/v2\/users\/1"}],"replies":[{"embeddable":true,"href":"https:\/\/thehub-berlin.org\/de\/wp-json\/wp\/v2\/comments?post=2905"}],"version-history":[{"count":2,"href":"https:\/\/thehub-berlin.org\/de\/wp-json\/wp\/v2\/pages\/2905\/revisions"}],"predecessor-version":[{"id":2981,"href":"https:\/\/thehub-berlin.org\/de\/wp-json\/wp\/v2\/pages\/2905\/revisions\/2981"}],"wp:attachment":[{"href":"https:\/\/thehub-berlin.org\/de\/wp-json\/wp\/v2\/media?parent=2905"}],"curies":[{"name":"wp","href":"https:\/\/api.w.org\/{rel}","templated":true}]}}